{"id":194,"date":"2024-06-03T11:29:18","date_gmt":"2024-06-03T09:29:18","guid":{"rendered":"https:\/\/foodie.deostudio.com\/?page_id=194"},"modified":"2024-07-26T11:19:41","modified_gmt":"2024-07-26T09:19:41","slug":"aviso-legal","status":"publish","type":"page","link":"https:\/\/foodieblackweek.com\/barcelona\/aviso-legal\/","title":{"rendered":"Aviso legal"},"content":{"rendered":"<p>[et_pb_section fb_built=\u00bb1&#8243; _builder_version=\u00bb4.25.1&#8243; _module_preset=\u00bbdefault\u00bb global_colors_info=\u00bb{}\u00bb da_is_popup=\u00bboff\u00bb da_exit_intent=\u00bboff\u00bb da_has_close=\u00bbon\u00bb da_alt_close=\u00bboff\u00bb da_dark_close=\u00bboff\u00bb da_not_modal=\u00bbon\u00bb da_is_singular=\u00bboff\u00bb da_with_loader=\u00bboff\u00bb da_has_shadow=\u00bbon\u00bb da_disable_devices=\u00bboff|off|off\u00bb][et_pb_row _builder_version=\u00bb4.25.1&#8243; _module_preset=\u00bbdefault\u00bb global_colors_info=\u00bb{}\u00bb][et_pb_column type=\u00bb4_4&#8243; _builder_version=\u00bb4.25.1&#8243; _module_preset=\u00bbdefault\u00bb global_colors_info=\u00bb{}\u00bb][et_pb_text _builder_version=\u00bb4.25.1&#8243; _module_preset=\u00bbdefault\u00bb text_font_size=\u00bb15px\u00bb global_colors_info=\u00bb{}\u00bb]<\/p>\n<h1>Aviso legal<\/h1>\n<p>[\/et_pb_text][et_pb_text _builder_version=\u00bb4.25.1&#8243; _module_preset=\u00bbdefault\u00bb text_font=\u00bb||||||||\u00bb text_font_size=\u00bb16px\u00bb text_line_height=\u00bb1.8em\u00bb hover_enabled=\u00bb0&#8243; global_colors_info=\u00bb{}\u00bb sticky_enabled=\u00bb0&#8243;]<\/p>\n<p>1.Datos del propietario de la web: Con la finalidad de dar cumplimiento al art\u00edculo 10 de la Ley 34\/2002 de Servicios de la Sociedad de la Informaci\u00f3n y Comercio Electr\u00f3nico, informamos al usuario de nuestros datos:\u2028Denominaci\u00f3n Social: TOP OF THE MOUNTAIN, \u00abEl propietario de la web\u00bb.<br \/>Inscrita en el Registro Mercantil de Barcelona en el T 47560, F 32, H 555568, Inscripci\u00f3n 1.<br \/>Domicilio Social: Passeig de Garcia Faria, 77, Torre B \u2013 08019- Barcelona<br \/>NIF: B02826113<br \/>Tel\u00e9fono: +34 600 92 23 32<br \/>Email: <a href=\"mailto:info@foodieblackweek.com\">info@foodieblackweek.com<\/a><\/p>\n<p>2. CONDICIONES DE ACCESO Y UTILIZACI\u00d3N<\/p>\n<p>El sitio web y sus servicios son de acceso libre y gratuito, no obstante, EL PROPIETARIO DE LA WEB condiciona la utilizaci\u00f3n de algunos de los servicios ofrecidos en su web a la previa cumplimentaci\u00f3n del correspondiente formulario.\u2028El usuario garantiza la autenticidad y actualidad de todos aquellos datos que comunique a EL PROPIETARIO DE LA WEB y ser\u00e1 el \u00fanico responsable de las manifestaciones falsas o inexactas que realice.\u2028El usuario se compromete expresamente a hacer un uso adecuado de los contenidos y servicios de EL PROPIETARIO DE LA WEB y a no emplearlos para, entre otros:<br \/>a) Difundir contenidos, delictivos, violentos, pornogr\u00e1ficos, racistas, xen\u00f3fobo, ofensivos, de apolog\u00eda del terrorismo o, en general, contrarios a la ley o al orden p\u00fablico.<br \/>b) Introducir en la red virus inform\u00e1ticos o realizar actuaciones susceptibles de alterar, estropear, interrumpir o generar errores o da\u00f1os en los documentos electr\u00f3nicos, datos o sistemas f\u00edsicos y l\u00f3gicos de EL PROPIETARIO DE LA WEB o de terceras personas; as\u00ed como obstaculizar el acceso de otros usuarios al sitio web y a sus servicios mediante el consumo masivo de los recursos inform\u00e1ticos a trav\u00e9s de los cuales EL PROPIETARIO DE LA WEB presta sus servicios.<br \/>c) Intentar acceder a las cuentas de correo electr\u00f3nico de otros usuarios o a \u00e1reas restringidas de los sistemas inform\u00e1ticos de EL PROPIETARIO DE LA WEB o de terceros y, en su caso, extraer informaci\u00f3n.<br \/>d) Vulnerar los derechos de propiedad intelectual o industrial, as\u00ed como violar la confidencialidad de la informaci\u00f3n de EL PROPIETARIO DE LA WEB o de terceros.<br \/>e) Suplantar la identidad de otro usuario, de las administraciones p\u00fablicas o de un tercero.<br \/>f) Reproducir, copiar, distribuir, poner a disposici\u00f3n o de cualquier otra forma comunicar p\u00fablicamente, transformar o modificar los contenidos, a menos que se cuente con la autorizaci\u00f3n del titular de los correspondientes derechos o ello resulte legalmente permitido.<br \/>g) Recabar datos con finalidad publicitaria y de remitir publicidad de cualquier clase y comunicaciones con fines de venta u otras de naturaleza comercial sin que medie su previa solicitud o consentimiento.<br \/>Todos los contenidos del sitio web, como textos, fotograf\u00edas, gr\u00e1ficos, im\u00e1genes, iconos, tecnolog\u00eda, software, as\u00ed como su dise\u00f1o gr\u00e1fico y c\u00f3digos fuente, constituyen una obra cuya propiedad pertenece a EL PROPIETARIO DE LA WEB, sin que puedan entenderse cedidos al usuario ninguno de los derechos de explotaci\u00f3n sobre los mismos m\u00e1s all\u00e1 de lo estrictamente necesario para el correcto uso de la web.\u2028En definitiva, los usuarios que accedan a este sitio web pueden visualizar los contenidos y efectuar, en su caso, copias privadas autorizadas siempre que los elementos reproducidos no sean cedidos posteriormente a terceros, ni se instalen a servidores conectados a redes, ni sean objeto de ning\u00fan tipo de explotaci\u00f3n.\u2028Asimismo, todas las marcas, nombres comerciales o signos distintivos de cualquier clase que aparecen en el sitio web son propiedad de EL PROPIETARIO DE LA WEB, sin que pueda entenderse que el uso o acceso al mismo atribuya al usuario derecho alguno sobre los mismos.<br \/>La distribuci\u00f3n, modificaci\u00f3n, cesi\u00f3n o comunicaci\u00f3n p\u00fablica de los contenidos y cualquier otro acto que no haya sido expresamente autorizado por el titular de los derechos de explotaci\u00f3n quedan prohibidos.<br \/>El establecimiento de un hiperenlace no implica en ning\u00fan caso la existencia de relaciones entre EL PROPIETARIO DE LA WEB y el propietario del sitio web en la que se establezca, ni la aceptaci\u00f3n y aprobaci\u00f3n por parte de EL PROPIETARIO DE LA WEB de sus contenidos o servicios. Aquellas personas que se propongan establecer un hiperenlace previamente deber\u00e1n solicitar autorizaci\u00f3n por escrito a EL PROPIETARIO DE LA WEB. En todo caso, el hiperenlace \u00fanicamente permitir\u00e1 el acceso a la home-page o p\u00e1gina de inicio de nuestro sitio web, asimismo deber\u00e1 abstenerse de realizar manifestaciones o indicaciones falsas, inexactas o incorrectas sobre EL PROPIETARIO DE LA WEB, o incluir contenidos il\u00edcitos, contrarios a las buenas costumbres y al orden p\u00fablico.\u2028EL PROPIETARIO DE LA WEB no se responsabiliza del uso que cada usuario le d\u00e9 a los materiales puestos a disposici\u00f3n en este sitio web ni de las actuaciones que realice en base a los mismos.<\/p>\n<p>3. EXCLUSI\u00d3N DE GARANT\u00cdAS Y DE RESPONSABILIDAD<\/p>\n<p>El contenido del presente sitio web es de car\u00e1cter general y tiene una finalidad meramente informativa, sin que se garantice plenamente el acceso a todos los contenidos, ni su exhaustividad, correcci\u00f3n, vigencia o actualidad, ni su idoneidad o utilidad para un objetivo espec\u00edfico.<br \/>EL PROPIETARIO DE LA WEB excluye, hasta donde permite el ordenamiento jur\u00eddico, cualquier responsabilidad por los da\u00f1os y perjuicios de toda naturaleza derivados de:<br \/>a) La imposibilidad de acceso al sitio web o la falta de veracidad, exactitud, exhaustividad y\/o actualidad de los contenidos, as\u00ed como la existencia de vicios y defectos de toda clase de los contenidos transmitidos, difundidos, almacenados, puestos a disposici\u00f3n a los que se haya accedido a trav\u00e9s del sitio web o de los servicios que se ofrecen.<br \/>b) La presencia de virus o de otros elementos en los contenidos que puedan producir alteraciones en los sistemas inform\u00e1ticos, documentos electr\u00f3nicos o datos de los usuarios.<br \/>c) El incumplimiento de las leyes, la buena fe, el orden p\u00fablico, los usos del tr\u00e1fico y el presente aviso legal como consecuencia del uso incorrecto del sitio web. En particular, y a modo ejemplificativo, EL PROPIETARIO DE LA WEB no se hace responsable de las actuaciones de terceros que vulneren derechos de propiedad intelectual e industrial, secretos empresariales, derechos al honor, a la intimidad personal y familiar y a la propia imagen, as\u00ed como la normativa en materia de competencia desleal y publicidad il\u00edcita.<br \/>Asimismo, EL PROPIETARIO DE LA WEB declina cualquier responsabilidad respecto a la informaci\u00f3n que se halle fuera de esta web y no sea gestionada directamente por nuestro webmaster. La funci\u00f3n de los links que aparecen en esta web es exclusivamente la de informar al usuario sobre la existencia de otras fuentes susceptibles de ampliar los contenidos que ofrece este sitio web. EL PROPIETARIO DE LA WEB no garantiza ni se responsabiliza del funcionamiento o accesibilidad de los sitios enlazados; ni sugiere, invita o recomienda la visita a los mismos, por lo que tampoco ser\u00e1 responsable del resultado obtenido. EL PROPIETARIO DE LA WEB no se responsabiliza del establecimiento de hiperv\u00ednculos por parte de terceros.<\/p>\n<p>4. POL\u00cdTICA DE PRIVACIDAD<\/p>\n<p>EL PROPIETARIO DE LA WEB tratar\u00e1 datos de car\u00e1cter personal a trav\u00e9s de esta p\u00e1gina web. El usuario podr\u00e1 consultar la pol\u00edtica de protecci\u00f3n de datos aplicada a este tipo de informaci\u00f3n, a trav\u00e9s del <a href=\"\/politica-de-privacidad\/\" target=\"_blank\" rel=\"noopener\">enlace pol\u00edtica de privacidad<\/a> , cuyo contenido se ajusta a lo Regulado en el Reglamento UE 2016\/679.<\/p>\n<p>5. PROCEDIMIENTO EN CASO DE REALIZACI\u00d3N DE ACTIVIDADES DECAR\u00c1CTER IL\u00cdCITO<\/p>\n<p>En el caso de que cualquier usuario o un tercero considere que existen hechos o circunstancias que revelen el car\u00e1cter il\u00edcito de la utilizaci\u00f3n de cualquier contenido y\/o de la realizaci\u00f3n de cualquier actividad en las p\u00e1ginas web incluidas o accesibles a trav\u00e9s del sitio web, deber\u00e1 enviar una notificaci\u00f3n a EL PROPIETARIO DE LA WEB identific\u00e1ndose debidamente, especificando las supuestas infracciones y declarando expresamente y bajo su responsabilidad que la informaci\u00f3n proporcionada en la notificaci\u00f3n es exacta.<\/p>\n<p>6. PUBLICACIONES<\/p>\n<p>La informaci\u00f3n administrativa facilitada a trav\u00e9s del sitio web no sustituye la publicidad legal de las leyes, normativas, planes, disposiciones generales y actos que tengan que ser publicados formalmente a los diarios oficiales de las administraciones p\u00fablicas, que constituyen el \u00fanico instrumento que da fe de su autenticidad y contenido. La informaci\u00f3n disponible en este sitio web debe entenderse como una gu\u00eda sin prop\u00f3sito de validez legal.<br \/>7.Menores de Edad\u2028Para el uso de los servicios, los menores de edad tienen que obtener siempre previamente el consentimiento de los padres, tutores o representantes legales, responsables \u00faltimos de todos los actos realizados por los menores a su cargo. La responsabilidad en la determinaci\u00f3n de contenidos concretos a los cuales acceden los menores corresponde a aquellos, es por eso que si acceden a contenidos no apropiados por Internet, se tendr\u00e1n que establecer en sus ordenadores mecanismos, en particular programas inform\u00e1ticos, filtros y bloqueos, que permitan limitar los contenidos disponibles y, a pesar de que no sean infalibles, son de especial utilidad para controlar y restringir los materiales a los que pueden acceder los menores.<br \/>8.Ley Aplicable y Jurisdicci\u00f3n\u2028Para la resoluci\u00f3n de todas las controversias o cuestiones relacionadas con el presente sitio web o de las actividades en \u00e9l desarrolladas, ser\u00e1 de aplicaci\u00f3n la legislaci\u00f3n espa\u00f1ola, a la que se someten expresamente las partes, siendo competentes para la resoluci\u00f3n de todos los conflictos derivados o relacionados con su uso los Juzgados y Tribunales de introduce Catalu\u00f1a.<\/p>\n<p>[\/et_pb_text][\/et_pb_column][\/et_pb_row][\/et_pb_section]<\/p>\n","protected":false},"excerpt":{"rendered":"<p>Aviso legal1.Datos del propietario de la web: Con la finalidad de dar cumplimiento al art\u00edculo 10 de la Ley 34\/2002 de Servicios de la Sociedad de la Informaci\u00f3n y Comercio Electr\u00f3nico, informamos al usuario de nuestros datos:\u2028Denominaci\u00f3n Social: TOP OF THE MOUNTAIN, \u00abEl propietario de la web\u00bb.Inscrita en el Registro Mercantil de Barcelona en el [&hellip;]<\/p>\n","protected":false},"author":2,"featured_media":0,"parent":0,"menu_order":0,"comment_status":"closed","ping_status":"closed","template":"","meta":{"_et_pb_use_builder":"on","_et_pb_old_content":"","_et_gb_content_width":"","slim_seo":{"title":"Aviso legal - FOODIE BLACK WEEK - BARCELONA","description":"Aviso legal 1.Datos del propietario de la web: Con la finalidad de dar cumplimiento al art\u00edculo 10 de la Ley 34\/2002 de Servicios de la Sociedad de la Informaci"},"footnotes":""},"class_list":["post-194","page","type-page","status-publish","hentry"],"_links":{"self":[{"href":"https:\/\/foodieblackweek.com\/barcelona\/wp-json\/wp\/v2\/pages\/194","targetHints":{"allow":["GET"]}}],"collection":[{"href":"https:\/\/foodieblackweek.com\/barcelona\/wp-json\/wp\/v2\/pages"}],"about":[{"href":"https:\/\/foodieblackweek.com\/barcelona\/wp-json\/wp\/v2\/types\/page"}],"author":[{"embeddable":true,"href":"https:\/\/foodieblackweek.com\/barcelona\/wp-json\/wp\/v2\/users\/2"}],"replies":[{"embeddable":true,"href":"https:\/\/foodieblackweek.com\/barcelona\/wp-json\/wp\/v2\/comments?post=194"}],"version-history":[{"count":4,"href":"https:\/\/foodieblackweek.com\/barcelona\/wp-json\/wp\/v2\/pages\/194\/revisions"}],"predecessor-version":[{"id":1468,"href":"https:\/\/foodieblackweek.com\/barcelona\/wp-json\/wp\/v2\/pages\/194\/revisions\/1468"}],"wp:attachment":[{"href":"https:\/\/foodieblackweek.com\/barcelona\/wp-json\/wp\/v2\/media?parent=194"}],"curies":[{"name":"wp","href":"https:\/\/api.w.org\/{rel}","templated":true}]}}