{"id":178,"date":"2024-06-03T10:45:07","date_gmt":"2024-06-03T08:45:07","guid":{"rendered":"https:\/\/foodie.deostudio.com\/?page_id=178"},"modified":"2024-07-29T16:20:21","modified_gmt":"2024-07-29T14:20:21","slug":"politica-de-privacidad","status":"publish","type":"page","link":"https:\/\/foodieblackweek.com\/barcelona\/politica-de-privacidad\/","title":{"rendered":"Pol\u00edtica de privacidad"},"content":{"rendered":"<p>[et_pb_section fb_built=\u00bb1&#8243; _builder_version=\u00bb4.25.1&#8243; _module_preset=\u00bbdefault\u00bb da_disable_devices=\u00bboff|off|off\u00bb global_colors_info=\u00bb{}\u00bb da_is_popup=\u00bboff\u00bb da_exit_intent=\u00bboff\u00bb da_has_close=\u00bbon\u00bb da_alt_close=\u00bboff\u00bb da_dark_close=\u00bboff\u00bb da_not_modal=\u00bbon\u00bb da_is_singular=\u00bboff\u00bb da_with_loader=\u00bboff\u00bb da_has_shadow=\u00bbon\u00bb][et_pb_row _builder_version=\u00bb4.25.1&#8243; _module_preset=\u00bbdefault\u00bb global_colors_info=\u00bb{}\u00bb][et_pb_column type=\u00bb4_4&#8243; _builder_version=\u00bb4.25.1&#8243; _module_preset=\u00bbdefault\u00bb global_colors_info=\u00bb{}\u00bb][et_pb_text _builder_version=\u00bb4.25.1&#8243; _module_preset=\u00bbdefault\u00bb text_font_size=\u00bb15px\u00bb global_colors_info=\u00bb{}\u00bb]<\/p>\n<h1>Pol\u00edtica de privacidad<\/h1>\n<p>[\/et_pb_text][et_pb_text _builder_version=\u00bb4.25.1&#8243; _module_preset=\u00bbdefault\u00bb text_font=\u00bb||||||||\u00bb text_font_size=\u00bb16px\u00bb text_line_height=\u00bb1.8em\u00bb hover_enabled=\u00bb0&#8243; global_colors_info=\u00bb{}\u00bb sticky_enabled=\u00bb0&#8243;]<\/p>\n<p>1. <strong>Datos del Responsable del Tratamiento<\/strong><br \/>Denominaci\u00f3n Social: TOP OF THE MOUNTAIN, en adelante, \u00abLa empresa\u00bb.<br \/>Domicilio Social: Passeig de Garcia Faria, 77, Torre B &#8211; 08019- Barcelona<br \/>NIF: B02826113<br \/>Tel\u00e9fono: +34 600 92 23 32<br \/>Email: info@foodieblackweek.com<\/p>\n<p>1.1. <strong>Normativa aplicable<\/strong><br \/>Nuestra Pol\u00edtica de Privacidad se ha dise\u00f1ado de acuerdo con el Reglamento General de Protecci\u00f3n de Datos de la UE 2016\/679 del Parlamento Europeo y del Consejo, de 27 de abril de 2016, relativo a la protecci\u00f3n de las personas f\u00edsicas en lo que respecta al tratamiento de datos personales y a la libre circulaci\u00f3n de estos datos y por el que se deroga la Directiva 95\/46\/CE (Reglamento general de protecci\u00f3n de datos), y la Ley Org\u00e1nica 3\/2018 del 5 de diciembre, de Protecci\u00f3n de Datos de Car\u00e1cter Personal y Garant\u00eda de los Derechos Digitales. Al facilitarnos sus datos, Usted declara haber le\u00eddo y conocer la presente Pol\u00edtica de Privacidad, prestando su consentimiento inequ\u00edvoco y expreso al tratamiento de sus datos personales de acuerdo a las finalidades y t\u00e9rminos aqu\u00ed expresados. La Empresa podr\u00e1 modificar la presente Pol\u00edtica de Privacidad para adaptarla a las novedades legislativas, jurisprudenciales o de interpretaci\u00f3n de la Agencia Espa\u00f1ola de Protecci\u00f3n de Datos. Estas condiciones de privacidad podr\u00e1n ser complementadas por el Aviso Legal, Pol\u00edtica de Cookies y las Condiciones Generales que, en su caso, se recojan para determinados productos o servicios, si dicho acceso supone alguna especialidad en materia de protecci\u00f3n de datos de car\u00e1cter personal.<\/p>\n<p>2. <strong>Finalidad del Tratamiento de los Datos Personales<\/strong><br \/>El tratamiento que realizamos de sus datos personales responde a las siguientes finalidades:<br \/>Responder las consultas enviadas a EL TITULAR DE LA WEB a trav\u00e9s de su correo de contacto o del formulario de datos.<\/p>\n<p>2.1. <strong>Plazo de Conservaci\u00f3n de sus datos<\/strong><br \/>Conservaremos sus datos personales desde que nos d\u00e9 su consentimiento hasta que lo revoque o bien solicite la limitaci\u00f3n del tratamiento. En tales casos, mantendremos sus datos de manera bloqueada durante los plazos legalmente exigidos.<\/p>\n<p>3. <strong>Legitimaci\u00f3n y Datos Recabados<\/strong><br \/>La legitimaci\u00f3n para el tratamiento de sus datos es el consentimiento expreso otorgado mediante un acto positivo y afirmativo (rellenar el formulario correspondiente y marcar la casilla de aceptaci\u00f3n de esta pol\u00edtica) en el momento de facilitarnos sus datos personales.<\/p>\n<p>3.1. <strong>Consentimiento para tratar sus datos<\/strong><br \/>Al rellenar los formularios, marcar la casilla \u201cAcepto la Pol\u00edtica de Privacidad\u201d y hacer clic para enviar los datos, o al remitir correos electr\u00f3nicos a la Empresa a trav\u00e9s de las cuentas habilitadas al efecto, el Usuario manifiesta haber le\u00eddo y aceptado expresamente la presente pol\u00edtica de privacidad, y otorga su consentimiento inequ\u00edvoco y expreso al tratamiento de sus datos personales conforme a las finalidades indicadas.<\/p>\n<p>4.<strong> Medidas de Seguridad<\/strong><br \/>Dentro de nuestro compromiso por garantizar la seguridad y confidencialidad de sus datos de car\u00e1cter personal, le informamos que se han adoptado las medidas de \u00edndole t\u00e9cnica y organizativas necesarias para garantizar la seguridad de los datos de car\u00e1cter personal y evitar su alteraci\u00f3n, p\u00e9rdida, tratamiento o acceso no autorizado, habida cuenta del estado de la tecnolog\u00eda, la naturaleza de los datos almacenados y los riesgos a que est\u00e9n expuestos, seg\u00fan el Art. 32 del RGPD EU 679\/2016.<\/p>\n<p>5. <strong>Cesi\u00f3n de Datos<\/strong><br \/>No se prev\u00e9n cesiones de datos ni transferencias internacionales de sus datos, a excepci\u00f3n de las autorizadas por la legislaci\u00f3n fiscal, mercantil y de telecomunicaciones as\u00ed como en aquellos casos en los que una autoridad judicial nos lo requiera.<\/p>\n<p>6. <strong>Tipo y fuente de datos procesados<\/strong><br \/>1) Datos de navegaci\u00f3n<br \/>En principio, es posible navegar por el sitio web sin tener que proporcionar ning\u00fan dato personal. El sitio web est\u00e1 dividido en secciones separadas, algunas de las cuales pueden requerir el ingreso de datos, mientras que en otras no ser\u00e1 necesario.<br \/>Los sistemas inform\u00e1ticos y los procedimientos de software utilizados para operar en este sitio web adquieren, como parte de su funcionamiento normal, cierta informaci\u00f3n personal que se transmite impl\u00edcitamente en el uso de los protocolos de comunicaci\u00f3n de Internet.<br \/>Esta informaci\u00f3n, por su naturaleza, puede, a trav\u00e9s de la asociaci\u00f3n y el procesamiento de datos en poder de terceros, permitir que usuarios \/ visitantes sean identificados (por ejemplo, a trav\u00e9s de su direcci\u00f3n IP, nombres de dominio de computadora utilizados para conectarse al sitio web, etc.).<br \/>Esta informaci\u00f3n se utiliza principalmente para elaborar informaci\u00f3n estad\u00edstica, verificar el correcto funcionamiento del sitio web y hacer que la navegaci\u00f3n sea m\u00e1s eficiente.<br \/>Dichos datos de contacto web no se conservan despu\u00e9s del procesamiento, excepto cuando sea necesario para la investigaci\u00f3n de cualquier delito inform\u00e1tico contra el sitio web.<br \/>Ning\u00fan dato derivado del servicio web ser\u00e1 comunicado a terceros no autorizados.<\/p>\n<p>7.<strong> Derechos del Usuario<\/strong><br \/>Cualquier interesado tiene derecho a obtener confirmaci\u00f3n sobre si estamos tratando datos personales que le conciernan, o no. Las personas interesadas tienen derecho a acceder a sus datos personales, as\u00ed como a solicitar la rectificaci\u00f3n de los datos inexactos o, en su caso, solicitar su supresi\u00f3n cuando, entre otros motivos, los datos ya no sean necesarios para los fines que fueron recogidos. En determinadas circunstancias, los interesados podr\u00e1n solicitar la limitaci\u00f3n del tratamiento de sus datos, en cuyo caso \u00fanicamente los conservaremos para el ejercicio o la defensa de reclamaciones. Por motivos relacionados con su situaci\u00f3n particular, los interesados podr\u00e1n oponerse al tratamiento de sus datos. El Responsable del fichero dejar\u00e1 de tratar los datos, salvo por motivos leg\u00edtimos imperiosos, o el ejercicio o la defensa de posibles reclamaciones. De acuerdo con la legislaci\u00f3n vigente tiene los siguientes derechos: derecho a solicitar el acceso a sus datos personales, derecho a solicitar su rectificaci\u00f3n o supresi\u00f3n, derecho a solicitar la limitaci\u00f3n de su tratamiento, derecho a oponerse al tratamiento, derecho a la portabilidad de los datos y as\u00ed mismo, a revocar el consentimiento otorgado. Asimismo, tiene derecho a presentar una reclamaci\u00f3n ante la Agencia Espa\u00f1ola de Protecci\u00f3n de Datos.<\/p>\n<p>7.1. <strong>\u00bfC\u00f3mo ejercitar mis derechos?<\/strong><br \/>Para ejercer sus derechos, debe dirigirse al responsable, a trav\u00e9s del email <a href=\"mailto:info@foodieblackweek,.com\">info@foodieblackweek.com<\/a> solicitando el correspondiente formulario para el ejercicio del derecho elegido. Opcionalmente, puede acudir a la Autoridad de Control competente para obtener informaci\u00f3n adicional acerca de sus derechos a trav\u00e9s del enlace <a href=\"https:\/\/www.aepd.es\" target=\"_blank\" rel=\"noopener\">https:\/\/www.aepd.es<\/a>. Los datos de contacto para el ejercicio de sus derechos son el tel\u00e9fono tel\u00e9fono de tu empresa y el correo electr\u00f3nico: email de tu empresa. Recuerde acompa\u00f1ar una copia de un documento que nos permita identificarle.<\/p>\n<p>8. <strong>Consentimiento para env\u00edo de Comunicaciones Electr\u00f3nicas<\/strong><br \/>As\u00ed mismo, y de acuerdo con lo establecido en la Ley 34\/2002, de 11 de julio, de Servicios de la Sociedad de la Informaci\u00f3n y del Comercio Electr\u00f3nico, completando el formulario de recogida de datos y marcando la correspondiente casilla \u201cAcepto el env\u00edo de comunicaciones electr\u00f3nicas\u201d, est\u00e1 otorgando el consentimiento expreso para enviarle a su direcci\u00f3n de correo electr\u00f3nico, tel\u00e9fono, fax u otro medio electr\u00f3nico en env\u00edo de informaci\u00f3n acerca de la Empresa.<\/p>\n<p>[\/et_pb_text][\/et_pb_column][\/et_pb_row][\/et_pb_section]<\/p>\n","protected":false},"excerpt":{"rendered":"<p>Pol\u00edtica de privacidad1. Datos del Responsable del TratamientoDenominaci\u00f3n Social: TOP OF THE MOUNTAIN, en adelante, \u00abLa empresa\u00bb.Domicilio Social: Passeig de Garcia Faria, 77, Torre B &#8211; 08019- BarcelonaNIF: B02826113Tel\u00e9fono: +34 600 92 23 32Email: info@foodieblackweek.com 1.1. Normativa aplicableNuestra Pol\u00edtica de Privacidad se ha dise\u00f1ado de acuerdo con el Reglamento General de Protecci\u00f3n de Datos de [&hellip;]<\/p>\n","protected":false},"author":2,"featured_media":0,"parent":0,"menu_order":0,"comment_status":"closed","ping_status":"closed","template":"","meta":{"_et_pb_use_builder":"on","_et_pb_old_content":"","_et_gb_content_width":"","slim_seo":{"title":"Pol\u00edtica de privacidad - FOODIE BLACK WEEK - BARCELONA","description":"Pol\u00edtica de privacidad 1. Datos del Responsable del Tratamiento Denominaci\u00f3n Social: TOP OF THE MOUNTAIN, en adelante, \u00abLa empresa\u00bb. Domicilio Social: Passeig d"},"footnotes":""},"class_list":["post-178","page","type-page","status-publish","hentry"],"_links":{"self":[{"href":"https:\/\/foodieblackweek.com\/barcelona\/wp-json\/wp\/v2\/pages\/178","targetHints":{"allow":["GET"]}}],"collection":[{"href":"https:\/\/foodieblackweek.com\/barcelona\/wp-json\/wp\/v2\/pages"}],"about":[{"href":"https:\/\/foodieblackweek.com\/barcelona\/wp-json\/wp\/v2\/types\/page"}],"author":[{"embeddable":true,"href":"https:\/\/foodieblackweek.com\/barcelona\/wp-json\/wp\/v2\/users\/2"}],"replies":[{"embeddable":true,"href":"https:\/\/foodieblackweek.com\/barcelona\/wp-json\/wp\/v2\/comments?post=178"}],"version-history":[{"count":7,"href":"https:\/\/foodieblackweek.com\/barcelona\/wp-json\/wp\/v2\/pages\/178\/revisions"}],"predecessor-version":[{"id":1567,"href":"https:\/\/foodieblackweek.com\/barcelona\/wp-json\/wp\/v2\/pages\/178\/revisions\/1567"}],"wp:attachment":[{"href":"https:\/\/foodieblackweek.com\/barcelona\/wp-json\/wp\/v2\/media?parent=178"}],"curies":[{"name":"wp","href":"https:\/\/api.w.org\/{rel}","templated":true}]}}